{"id":789,"date":"2022-03-01T16:52:48","date_gmt":"2022-03-01T15:52:48","guid":{"rendered":"https:\/\/crminfo.cz\/?page_id=789"},"modified":"2022-04-04T23:13:45","modified_gmt":"2022-04-04T21:13:45","slug":"zasady-ochrany-osobnich-udaju","status":"publish","type":"page","link":"https:\/\/crminfo.cz\/en\/zasady-ochrany-osobnich-udaju\/","title":{"rendered":"Z\u00e1sady ochrany osobn\u00edch \u00fadaj\u016f"},"content":{"rendered":"<h2 class=\"wp-block-heading\">1. Ochrany osobn\u00edch \u00fadaj\u016f<\/h2>\n\n\n\n<h3 class=\"wp-block-heading\"><strong>V\u0161eobecn\u00e1 upozorn\u011bn\u00ed<\/strong><\/h3>\n\n\n\n<p>N\u00e1sleduj\u00edc\u00ed informace v\u00e1m poskytnou stru\u010dn\u00fd p\u0159ehled o tom, co se stane s&nbsp;Va\u0161imi osobn\u00edmi \u00fadaji, pokud nav\u0161t\u00edv\u00edte na\u0161e webov\u00e9 str\u00e1nky. Osobn\u00ed \u00fadaje jsou takov\u00e9 \u00fadaje, pomoc\u00ed kter\u00fdch je mo\u017en\u00e9 V\u00e1s osobn\u011b identifikovat. Podrobn\u00e9 informace na t\u00e9ma ochrany osobn\u00edch \u00fadaj\u016f naleznete v&nbsp;na\u0161em prohl\u00e1\u0161en\u00ed o ochran\u011b osobn\u00edch \u00fadaj\u016f uveden\u00e9m n\u00ed\u017ee.<\/p>\n\n\n\n<h3 class=\"wp-block-heading\">Shroma\u017e\u010fov\u00e1n\u00ed \u00fadaj\u016f na na\u0161em webu<\/h3>\n\n\n\n<p><strong>Kdo je odpov\u011bdn\u00fd za shroma\u017e\u010fov\u00e1n\u00ed \u00fadaj\u016f na na\u0161em webu?<\/strong><br>Zpracov\u00e1n\u00ed \u00fadaj\u016f na tomto webu prov\u00e1d\u00ed jeho provozovatel.&nbsp; Jeho kontaktn\u00ed \u00fadaje naleznete v&nbsp;sekci Kontakt na t\u011bchto webov\u00fdch str\u00e1nk\u00e1ch.<\/p>\n\n\n\n<p><strong>Jak shroma\u017e\u010fujeme va\u0161e \u00fadaje?<\/strong><br>N\u011bkter\u00e9 Va\u0161e \u00fadaje shroma\u017e\u010fujeme, pokud n\u00e1m je poskytnete. M\u016f\u017ee se jednat nap\u0159\u00edklad o \u00fadaje, kter\u00e9 uvedete v&nbsp;kontaktn\u00edm formul\u00e1\u0159i.<br>Dal\u0161\u00ed \u00fadaje jsou shroma\u017e\u010fov\u00e1ny automaticky na\u0161imi informa\u010dn\u00edmi syst\u00e9my p\u0159i nav\u0161t\u00edven\u00ed tohoto webu. Jedn\u00e1 se p\u0159edev\u0161\u00edm o technick\u00e9 \u00fadaje (nap\u0159. o internetov\u00e9m prohl\u00ed\u017ee\u010di, opera\u010dn\u00edm syst\u00e9mu nebo \u010dase otev\u0159en\u00ed str\u00e1nky). Tyto \u00fadaje se shroma\u017e\u010fuj\u00ed automaticky, jakmile vstoup\u00edte na n\u00e1\u0161 web.<\/p>\n\n\n\n<p><strong>K&nbsp;\u010demu pou\u017e\u00edv\u00e1me va\u0161e \u00fadaje?<\/strong><br>\u010c\u00e1st \u00fadaj\u016f je shroma\u017e\u010fujeme proto, abychom zaru\u010dili bezchybn\u00e9 zobrazen\u00ed na\u0161eho webu. Dal\u0161\u00ed \u00fadaje m\u016f\u017eeme pou\u017e\u00edvat k&nbsp;analyzov\u00e1n\u00ed Va\u0161eho u\u017eivatelsk\u00e9ho chov\u00e1n\u00ed. \u00dadaje, kter\u00e9 n\u00e1m poskytnete v kontaktn\u00edm formul\u00e1\u0159i, pou\u017e\u00edv\u00e1me k tomu, abychom V\u00e1s kontaktovali a zpracovali Va\u0161i \u017e\u00e1dost.<\/p>\n\n\n\n<p><strong>Jak\u00e1 m\u00e1te pr\u00e1va v souvislosti s va\u0161imi \u00fadaji?<\/strong><br>M\u00e1te pr\u00e1vo kdykoli bezplatn\u011b z\u00edskat informace o zdroji, p\u0159\u00edjemci a \u00fa\u010delu zpracov\u00e1n\u00ed Va\u0161ich ulo\u017een\u00fdch osobn\u00edch \u00fadaj\u00edch. Krom\u011b toho m\u00e1te pr\u00e1vo po\u017eadovat opravu, omezen\u00ed nebo vymaz\u00e1n\u00ed t\u011bchto \u00fadaj\u016f. Pokud m\u00e1te dal\u0161\u00ed ot\u00e1zky t\u00fdkaj\u00edc\u00ed se ochrany osobn\u00edch \u00fadaj\u016f, m\u016f\u017eete se kdykoli obr\u00e1tit na adresu uvedenou v&nbsp;sekci Impressum na t\u011bchto na\u0161ich webov\u00fdch str\u00e1nk\u00e1ch. Krom\u011b toho m\u00e1te pr\u00e1vo na pod\u00e1n\u00ed st\u00ed\u017enosti u p\u0159\u00edslu\u0161n\u00e9ho dozorov\u00e9ho \u00fa\u0159adu.<\/p>\n\n\n\n<h3 class=\"wp-block-heading\"><strong>Analytick\u00e9 n\u00e1stroje a n\u00e1stroje extern\u00edch dodavatel\u016f<\/strong><\/h3>\n\n\n\n<p>P\u0159i nav\u0161t\u00edven\u00ed na\u0161eho webu m\u016f\u017ee b\u00fdt statisticky vyhodnocov\u00e1no Va\u0161e u\u017eivatelsk\u00e9 chov\u00e1n\u00ed p\u0159i jeho proch\u00e1zen\u00ed. K&nbsp;tomuto \u00fa\u010delu slou\u017e\u00ed p\u0159edev\u0161\u00edm soubory cookie a takzvan\u00e9 analytick\u00e9 programy. Anal\u00fdza Va\u0161eho chov\u00e1n\u00ed p\u0159i proch\u00e1zen\u00ed webu prob\u00edh\u00e1 zpravidla anonymn\u011b; podle \u00fadaj\u016f o chov\u00e1n\u00ed p\u0159i proch\u00e1zen\u00ed nelze zp\u011btn\u011b ur\u010dit konkr\u00e9tn\u00ed osobu. Toto analyzov\u00e1n\u00ed m\u016f\u017eete odm\u00edtnout nebo mu zamezit nepou\u017e\u00edv\u00e1n\u00edm ur\u010dit\u00fdch n\u00e1stroj\u016f. Podrobn\u00e9 informace najdete v&nbsp;n\u00e1sleduj\u00edc\u00edm prohl\u00e1\u0161en\u00ed o ochran\u011b osobn\u00edch \u00fadaj\u016f.<\/p>\n\n\n\n<h2 class=\"wp-block-heading\">2. V\u0161eobecn\u00e1 upozorn\u011bn\u00ed a povinn\u00e9 informace<\/h2>\n\n\n\n<h3 class=\"wp-block-heading\">Privacy Policy<\/h3>\n\n\n\n<p>Provozovatel t\u011bchto str\u00e1nek bere ochranu Va\u0161ich osobn\u00edch \u00fadaj\u016f velmi v\u00e1\u017en\u011b. Va\u0161e osobn\u00ed \u00fadaje pova\u017eujeme za d\u016fv\u011brn\u00e9 a nakl\u00e1d\u00e1me s&nbsp;nimi v&nbsp;souladu s pr\u00e1vn\u00edmi p\u0159edpisy o ochran\u011b \u00fadaj\u016f a tohoto prohl\u00e1\u0161en\u00ed o ochran\u011b osobn\u00edch \u00fadaj\u016f.&nbsp; &nbsp;<\/p>\n\n\n\n<p>Pokud pou\u017eijete tento web, jsou shroma\u017e\u010fov\u00e1ny r\u016fzn\u00e9 osobn\u00ed \u00fadaje. Osobn\u00ed \u00fadaje jsou jak\u00e9koli \u00fadaje, pomoc\u00ed kter\u00fdch je mo\u017en\u00e9 V\u00e1s osobn\u011b identifikovat. Toto prohl\u00e1\u0161en\u00ed o ochran\u011b osobn\u00edch \u00fadaj\u016f vysv\u011btluje, jak a k jak\u00e9mu \u00fa\u010delu \u00fadaje shroma\u017e\u010fujeme.<\/p>\n\n\n\n<p>Upozor\u0148ujeme, \u017ee p\u0159enos \u00fadaj\u016f prost\u0159ednictv\u00edm internetu (nap\u0159. p\u0159i komunikaci prost\u0159ednictv\u00edm e-mailov\u00e9 po\u0161ty) m\u016f\u017ee vykazovat nedostatky v&nbsp;zabezpe\u010den\u00ed. \u00dapln\u00e1 ochrana Va\u0161ich \u00fadaj\u016f p\u0159ed p\u0159\u00edstupem t\u0159et\u00edch osob nen\u00ed mo\u017en\u00e1.<\/p>\n\n\n\n<p>Provozovatel t\u011bchto str\u00e1nek nezam\u00fd\u0161l\u00ed p\u0159ed\u00e1vat Va\u0161e osobn\u00ed \u00fadaje do t\u0159et\u00ed zem\u011b mimo EU nebo mezin\u00e1rodn\u00ed organizaci, nen\u00ed-li to zde v\u00fdslovn\u011b uveden\u00e9.<\/p>\n\n\n\n<h3 class=\"wp-block-heading\">Upozorn\u011bn\u00ed na odpov\u011bdn\u00e9ho spr\u00e1vce<\/h3>\n\n\n\n<p>Spr\u00e1vcem odpov\u011bdn\u00fdm za zpracov\u00e1n\u00ed \u00fadaj\u016f na tomto webu je:<\/p>\n\n\n\n<p>SIGNUM spol. s&nbsp;r.o.<br>N\u00e1dra\u017en\u00ed 32\/41, 693 01 Hustope\u010de<\/p>\n\n\n\n<p>Telefon: +420&nbsp;519&nbsp;811 111<br>E-mail:&nbsp;<a href=\"mailto:info-ok@signumcz.com\">info-ok@signumcz.com<\/a><strong><\/strong><\/p>\n\n\n\n<p>Spr\u00e1vcem je fyzick\u00e1 nebo pr\u00e1vnick\u00e1 osoba, kter\u00e1 sama nebo spole\u010dn\u011b s&nbsp;dal\u0161\u00edmi osobami rozhoduje o \u00fa\u010delech a prost\u0159edc\u00edch zpracov\u00e1n\u00ed osobn\u00edch \u00fadaj\u016f (nap\u0159. jmen, e-mailov\u00fdch adres apod.).<\/p>\n\n\n\n<h3 class=\"wp-block-heading\">Odvol\u00e1n\u00ed souhlasu se zpracov\u00e1n\u00edm osobn\u00edch \u00fadaj\u016f<\/h3>\n\n\n\n<p>Mnoho operac\u00ed, p\u0159i nich\u017e se zpracov\u00e1vaj\u00ed osobn\u00ed \u00fadaje, je mo\u017en\u00e9 prov\u00e1d\u011bt jen s&nbsp;Va\u0161\u00edm v\u00fdslovn\u00fdm souhlasem. Ud\u011blen\u00fd souhlas m\u016f\u017eete kdykoli odvolat. K&nbsp;tomu sta\u010d\u00ed, kdy\u017e n\u00e1m za\u0161lete e-mailem neform\u00e1ln\u00ed zpr\u00e1vu o tomto odvol\u00e1n\u00ed. Odvol\u00e1n\u00edm souhlasu nen\u00ed dot\u010dena z\u00e1konnost zpracov\u00e1n\u00ed vych\u00e1zej\u00edc\u00edho ze souhlasu, kter\u00fd byl d\u00e1n p\u0159ed jeho odvol\u00e1n\u00edm.<\/p>\n\n\n\n<h3 class=\"wp-block-heading\">Pr\u00e1vo na pod\u00e1n\u00ed st\u00ed\u017enosti u p\u0159\u00edslu\u0161n\u00e9ho dozorov\u00e9ho \u00fa\u0159adu<\/h3>\n\n\n\n<p>V&nbsp;p\u0159\u00edpad\u011b poru\u0161en\u00ed p\u0159edpis\u016f o ochran\u011b osobn\u00edch \u00fadaj\u016f m\u00e1 subjekt \u00fadaj\u016f pr\u00e1vo na pod\u00e1n\u00ed st\u00ed\u017enosti u p\u0159\u00edslu\u0161n\u00e9ho dozorov\u00e9ho \u00fa\u0159adu. P\u0159\u00edslu\u0161n\u00fdm dozorov\u00fdm \u00fa\u0159adem pro z\u00e1le\u017eitosti souvisej\u00edc\u00ed s&nbsp;pr\u00e1vn\u00edmi p\u0159edpisy o ochran\u011b osobn\u00edch \u00fadaj\u016f je p\u0159\u00edslu\u0161n\u00fd: \u00da\u0159ad pro ochranu osobn\u00edch \u00fadaj\u016f, se s\u00eddlem Pplk. Sochora 27, 170 00 Praha 7, \u010cesk\u00e1 republika, e-mail:&nbsp;<a href=\"javascript:linkTo_UnCryptMailto('ocknvq,rquvcBwqqw0eb');\">postauooucz<\/a>.<\/p>\n\n\n\n<h3 class=\"wp-block-heading\">Pr\u00e1vo na p\u0159enositelnost \u00fadaj\u016f<\/h3>\n\n\n\n<p>M\u00e1te pr\u00e1vo nechat sob\u011b nebo t\u0159et\u00ed stran\u011b vydat \u00fadaje, kter\u00e9 automatizovan\u011b zpracov\u00e1v\u00e1me na z\u00e1klad\u011b Va\u0161eho souhlasu nebo v r\u00e1mci pln\u011bn\u00ed smlouvy, a to v b\u011b\u017en\u00e9m strojov\u011b \u010diteln\u00e9m form\u00e1tu. Pokud po\u017eadujete p\u0159\u00edm\u00fd p\u0159enos dat jin\u00e9mu spr\u00e1vci, provedeme ho pouze tehdy, pokud je technicky provediteln\u00fd.<\/p>\n\n\n\n<h3 class=\"wp-block-heading\">\u0160ifrov\u00e1n\u00ed SSL, resp. TLS<\/h3>\n\n\n\n<p>Tento web pou\u017e\u00edv\u00e1 z bezpe\u010dnostn\u00edch d\u016fvod\u016f a za \u00fa\u010delem ochrany p\u0159enosu d\u016fv\u011brn\u00e9ho obsahu (nap\u0159\u00edklad objedn\u00e1vek nebo dotaz\u016f, kter\u00e9 n\u00e1m jako provozovateli webu za\u0161lete) \u0161ifrov\u00e1n\u00ed SSL, resp. TLS. \u0160ifrovan\u00e9 spojen\u00ed pozn\u00e1te podle toho, \u017ee je na za\u010d\u00e1tku adresy v prohl\u00ed\u017ee\u010di m\u00edsto \u201ehttp:\/\/\u201c uvedeno \u201ehttps:\/\/\u201c, a tak\u00e9 podle ikony z\u00e1mku na \u0159\u00e1dku s adresou v prohl\u00ed\u017ee\u010di.<\/p>\n\n\n\n<p>Kdy\u017e je aktivov\u00e1no \u0161ifrov\u00e1n\u00ed SSL, resp. TLS, nemohou t\u0159et\u00ed osoby \u010d\u00edst \u00fadaje, kter\u00e1 n\u00e1m odes\u00edl\u00e1te.<\/p>\n\n\n\n<h3 class=\"wp-block-heading\">Informace, omezen\u00ed, v\u00fdmaz<\/h3>\n\n\n\n<p>V r\u00e1mci platn\u00fdch ustanoven\u00ed pr\u00e1vn\u00edch p\u0159edpis\u016f m\u00e1te kdykoli pr\u00e1vo na bezplatn\u00e9 poskytnut\u00ed informac\u00ed o Va\u0161ich ulo\u017een\u00fdch osobn\u00edch \u00fadaj\u00edch, jejich zdroji a p\u0159\u00edjemci a tak\u00e9 \u00fa\u010delu zpracov\u00e1n\u00ed \u00fadaj\u016f. Rovn\u011b\u017e m\u00e1te pr\u00e1vo na opravu, omezen\u00ed nebo vymaz\u00e1n\u00ed t\u011bchto \u00fadaj\u016f. V t\u00e9to souvislosti a tak\u00e9 s dal\u0161\u00edmi dotazy na t\u00e9ma ochrany osobn\u00edch \u00fadaj\u016f se m\u016f\u017eete kdykoli obracet na na\u0161i adresu uvedenou v sekci Impressum na na\u0161ich webov\u00fdch str\u00e1nk\u00e1ch.<\/p>\n\n\n\n<h3 class=\"wp-block-heading\">Odm\u00edtnut\u00ed reklamn\u00edch e-mail\u016f<\/h3>\n\n\n\n<p>T\u00edmto odm\u00edt\u00e1me vyu\u017e\u00edv\u00e1n\u00ed kontaktn\u00edch \u00fadaj\u016f povinn\u011b zve\u0159ejn\u011bn\u00fdch v&nbsp;sekci Kontakt na na\u0161ich webov\u00fdch str\u00e1nk\u00e1ch k zas\u00edl\u00e1n\u00ed reklamy a informa\u010dn\u00edch materi\u00e1l\u016f, kter\u00e9 si v\u00fdslovn\u011b nevy\u017e\u00e1d\u00e1me. Provozovatel\u00e9 str\u00e1nek si v\u00fdslovn\u011b vyhrazuj\u00ed pr\u00e1vo podniknout v p\u0159\u00edpad\u011b nevy\u017e\u00e1dan\u00e9ho zas\u00edl\u00e1n\u00ed reklamn\u00edch informac\u00ed (nap\u0159\u00edklad v podob\u011b spamu) pr\u00e1vn\u00ed kroky.<\/p>\n\n\n\n<h2 class=\"wp-block-heading\">3. Shroma\u017e\u010fov\u00e1n\u00ed \u00fadaj\u016f na na\u0161em webu<\/h2>\n\n\n\n<h3 class=\"wp-block-heading\">Soubory cookie<\/h3>\n\n\n\n<p>N\u011bkter\u00e9 str\u00e1nky tohoto webu pou\u017e\u00edvaj\u00ed takzvan\u00e9 soubory cookie. Soubory cookie nezp\u016fsob\u00ed na Va\u0161em po\u010d\u00edta\u010di \u017e\u00e1dn\u00e9 \u0161kody a neobsahuj\u00ed viry. Soubory cookie zvy\u0161uj\u00ed u\u017eivatelskou p\u0159\u00edv\u011btivost, efektivitu a zabezpe\u010den\u00ed na\u0161\u00ed prezentace. Jedn\u00e1 se o drobn\u00e9 textov\u00e9 soubory, kter\u00e9 se prost\u0159ednictv\u00edm webov\u00e9ho prohl\u00ed\u017ee\u010de ukl\u00e1daj\u00ed do Va\u0161eho po\u010d\u00edta\u010de. V\u011bt\u0161ina soubor\u016f cookie, kter\u00e9 pou\u017e\u00edv\u00e1me, je takzvan\u011b rela\u010dn\u00ed (\u201esession cookies\u201c). Po skon\u010den\u00ed Va\u0161\u00ed n\u00e1v\u0161t\u011bvy se automaticky odstran\u00ed. Dal\u0161\u00ed soubory cookie z\u016fst\u00e1vaj\u00ed ve Va\u0161em koncov\u00e9m za\u0159\u00edzen\u00ed ulo\u017eeny, dokud je neodstran\u00edte, \u010di do uplynut\u00ed stanoven\u00fdch lh\u016ft (viz d\u00e1le). Tyto soubory cookie n\u00e1m umo\u017e\u0148uj\u00ed p\u0159i dal\u0161\u00ed n\u00e1v\u0161t\u011bv\u011b znovu rozpoznat V\u00e1\u0161 prohl\u00ed\u017ee\u010d.<\/p>\n\n\n\n<p>Prohl\u00ed\u017ee\u010d m\u016f\u017eete nastavit tak, aby V\u00e1s informoval o vytv\u00e1\u0159en\u00ed soubor\u016f cookie, p\u0159\u00edp. aby k ulo\u017een\u00ed ka\u017ed\u00e9ho jednotliv\u00e9ho souboru cookie \u017e\u00e1dal o V\u00e1\u0161 souhlas. V prohl\u00ed\u017ee\u010di m\u016f\u017eete d\u00e1le nastavit v\u00fdjimky pro ukl\u00e1d\u00e1n\u00ed soubor\u016f cookie nebo jejich ukl\u00e1d\u00e1n\u00ed celkov\u011b zak\u00e1zat a tak\u00e9 aktivovat automatick\u00e9 odstra\u0148ov\u00e1n\u00ed soubor\u016f cookie p\u0159i zav\u0159en\u00ed prohl\u00ed\u017ee\u010de. Deaktivace soubor\u016f cookie m\u016f\u017ee omezit funk\u010dnost tohoto webu. Soubory cookie, kter\u00e9 jsou nutn\u00e9 k prov\u00e1d\u011bn\u00ed operac\u00ed na na\u0161\u00ed webov\u00e9 str\u00e1nce (v r\u00e1mci elektronick\u00e9 komunikace nebo k poskytov\u00e1n\u00ed ur\u010dit\u00fdch, V\u00e1mi po\u017eadovan\u00fdch funkc\u00ed), nevy\u017eaduj\u00ed ke sv\u00e9mu ulo\u017een\u00ed V\u00e1\u0161 souhlas, nebo\u0165 bez nich by nebylo mo\u017en\u00e9 technicky bezchybn\u00e9 a optimalizovan\u00e9 poskytov\u00e1n\u00ed na\u0161ich slu\u017eeb. Pokud se ukl\u00e1daj\u00ed dal\u0161\u00ed soubory cookie (nap\u0159\u00edklad soubory cookie k analyzov\u00e1n\u00ed Va\u0161eho chov\u00e1n\u00ed p\u0159i proch\u00e1zen\u00ed na\u0161eho webu), t\u011bmito soubory se v tomto prohl\u00e1\u0161en\u00ed o ochran\u011b osobn\u00edch \u00fadaj\u016f zab\u00fdv\u00e1me zvl\u00e1\u0161\u0165.<\/p>\n\n\n\n<h3 class=\"wp-block-heading\">Protokoly na serveru<\/h3>\n\n\n\n<p>Poskytovatel str\u00e1nek neshroma\u017e\u010fuje a neukl\u00e1d\u00e1 informace do takzvan\u00fdch protokol\u016f na serveru.<\/p>\n\n\n\n<h3 class=\"wp-block-heading\">Kontaktn\u00ed formul\u00e1\u0159<\/h3>\n\n\n\n<p>Pokud n\u00e1m za\u0161lete dotaz prost\u0159ednictv\u00edm kontaktn\u00edho formul\u00e1\u0159e, Va\u0161e \u00fadaje z kontaktn\u00edho formul\u00e1\u0159e v\u010detn\u011b kontaktn\u00edch \u00fadaj\u016f, kter\u00e9 v n\u011bm uvedete, ukl\u00e1d\u00e1me za \u00fa\u010delem zpracov\u00e1n\u00ed Va\u0161eho dotazu a pro p\u0159\u00edpad n\u00e1sledn\u00fdch ot\u00e1zek. Tyto \u00fadaje bez Va\u0161eho souhlasu nikomu nep\u0159ed\u00e1v\u00e1me.<\/p>\n\n\n\n<p>Zpracov\u00e1n\u00ed \u00fadaj\u016f zadan\u00fdch do kontaktn\u00edho formul\u00e1\u0159e tak prob\u00edh\u00e1 bu\u010f na z\u00e1klad\u011b na\u0161eho opr\u00e1vn\u011bn\u00e9ho z\u00e1jmu, kter\u00fd spo\u010d\u00edv\u00e1 ve vy\u0159\u00edzen\u00ed Va\u0161eho po\u017eadavku (\u010dl\u00e1nek 6 odst. 1 p\u00edsm. b Obecn\u00e9ho na\u0159\u00edzen\u00ed o ochran\u011b osobn\u00edch \u00fadaj\u016f), nebo na z\u00e1klade pln\u011bn\u00ed smlouvy nebo p\u0159edsmluvn\u00edch opat\u0159en\u00ed, souvis\u00ed-li V\u00e1\u0161 po\u017eadavek s&nbsp;na\u0161\u00edm vz\u00e1jemn\u00fdm smluvn\u00edm vztahem (\u010dl\u00e1nek 6 odst. 1 p\u00edsm. f Obecn\u00e9ho na\u0159\u00edzen\u00ed o ochran\u011b osobn\u00edch \u00fadaj\u016f).<\/p>\n\n\n\n<p>\u00dadaje, kter\u00e9 uvedete do kontaktn\u00edho formul\u00e1\u0159e, u n\u00e1s z\u016fst\u00e1vaj\u00ed ulo\u017een\u00e9 do vy\u0159\u00edzen\u00ed Va\u0161eho po\u017eadavku, nejd\u00e9le v\u0161ak do uplynut\u00ed 3 m\u011bs\u00edc\u016f, \u010di do uplynut\u00ed p\u0159\u00edslu\u0161n\u00fdch proml\u010dec\u00edch lh\u016ft vztahuj\u00edc\u00edch se na n\u00e1\u0161 smluvn\u00ed vztah, pokud tento \u00fa\u010del zpracov\u00e1n\u00ed odpadne. Kogentn\u00ed ustanoven\u00ed pr\u00e1vn\u00edch p\u0159edpis\u016f \u2013 zejm\u00e9na lh\u016fty pro uchov\u00e1v\u00e1n\u00ed dat \u2013 z\u016fst\u00e1vaj\u00ed nedot\u010deny.<\/p>\n\n\n\n<h2 class=\"wp-block-heading\">4. Pluginy a n\u00e1stroje<\/h2>\n\n\n\n<h3 class=\"wp-block-heading\">Mapy Google<\/h3>\n\n\n\n<p>Tento web vyu\u017e\u00edv\u00e1 prost\u0159ednictv\u00edm rozhran\u00ed API mapovou slu\u017ebu Mapy Google. Jej\u00edm poskytovatelem je spole\u010dnost Google Ireland Limited (\u201eGoogle\u201c), Gordon House, Barrow Street, Dublin 4, Irsko.<\/p>\n\n\n\n<p>K pou\u017e\u00edv\u00e1n\u00ed funkc\u00ed Mapy Google nevy\u017eadujeme Va\u0161i polohu nebo Va\u0161i IP adresu. Tyto informace se nep\u0159en\u00e1\u0161ej\u00ed a neukl\u00e1daj\u00ed na server spole\u010dnosti Google v USA. Pouze zad\u00e1v\u00e1me n\u00e1mi zn\u00e1me c\u00edle, na\u0161e pobo\u010dky. Poskytovatel tohoto webu nem\u00e1 na tento p\u0159enos dat vliv.<\/p>\n\n\n\n<p>Slu\u017ebu Mapy Google pou\u017e\u00edv\u00e1me v z\u00e1jmu atraktivn\u00edho zobrazen\u00ed na\u0161\u00ed internetov\u00e9 prezentace a snadn\u00e9ho nalezen\u00ed m\u00edst, kter\u00e1 na webu uv\u00e1d\u00edme. Budou-li v&nbsp;r\u00e1mci slu\u017eby Mapy Google do Va\u0161eho za\u0159\u00edzen\u00ed ukl\u00e1d\u00e1ny soubory cookie, kter\u00e9 nejsou nezbytn\u00e9 pro fungov\u00e1n\u00ed na\u0161ich webov\u00fdch str\u00e1nek, tak p\u0159ed samotn\u00fdm ulo\u017een\u00edm t\u011bchto soubor\u016f cookie si od V\u00e1s vy\u017e\u00e1d\u00e1me rovn\u011b\u017e souhlas k&nbsp;tomuto ulo\u017een\u00ed, kter\u00fd m\u016f\u017eete kdykoliv s&nbsp;\u00fa\u010dinky do budoucna odvolat. V&nbsp;p\u0159\u00edpad\u011b, \u017ee tento souhlas odvol\u00e1te (nap\u0159. odpov\u00eddaj\u00edc\u00edm nastaven\u00edm sv\u00e9ho prohl\u00ed\u017ee\u010de), ulo\u017e\u00ed se do Va\u0161eho prohl\u00ed\u017ee\u010de soubor zvan\u00fd opt-out-cookie, kter\u00fd zabr\u00e1n\u00ed, aby se na Google p\u0159en\u00e1\u0161ely a u n\u011bj ukl\u00e1daly Va\u0161e \u00fadaje. K&nbsp;odm\u00edtnut\u00ed ukl\u00e1d\u00e1n\u00ed cookies, \u010di k op\u011btovn\u00e9mu povolen\u00ed jejich u\u017e\u00edv\u00e1n\u00ed, postupujte pros\u00edm bu\u010f v\u00fd\u0161e popsan\u00fdm zp\u016fsobem, nebo klikn\u011bte na odkaz \u201eSoubory cookie\u201c v&nbsp;pati\u010dce na\u0161\u00ed webov\u00e9 str\u00e1nky.<\/p>\n\n\n\n<p>Dal\u0161\u00ed informace o nakl\u00e1d\u00e1n\u00ed s u\u017eivatelsk\u00fdmi \u00fadaji najdete v prohl\u00e1\u0161en\u00ed o ochran\u011b osobn\u00edch \u00fadaj\u016f spole\u010dnosti Google:<br><a href=\"https:\/\/policies.google.com\/privacy?hl=cs\" class=\"gdpr\" target=\"_blank\" rel=\"noreferrer noopener\">https:\/\/policies.google.com\/privacy?hl=cs<\/a>\u200b\u200b\u200b\u200b\u200b\u200b\u200b<\/p>","protected":false},"excerpt":{"rendered":"<p>1. Ochrany osobn\u00edch \u00fadaj\u016f V\u0161eobecn\u00e1 upozorn\u011bn\u00ed N\u00e1sleduj\u00edc\u00ed informace v\u00e1m poskytnou stru\u010dn\u00fd p\u0159ehled o tom, co se stane s&nbsp;Va\u0161imi osobn\u00edmi \u00fadaji, pokud nav\u0161t\u00edv\u00edte na\u0161e webov\u00e9 str\u00e1nky. Osobn\u00ed \u00fadaje jsou takov\u00e9 \u00fadaje, [&hellip;]<\/p>","protected":false},"author":1,"featured_media":0,"parent":0,"menu_order":0,"comment_status":"closed","ping_status":"closed","template":"","meta":{"_acf_changed":false,"footnotes":""},"class_list":["post-789","page","type-page","status-publish","hentry"],"acf":[],"_links":{"self":[{"href":"https:\/\/crminfo.cz\/en\/wp-json\/wp\/v2\/pages\/789","targetHints":{"allow":["GET"]}}],"collection":[{"href":"https:\/\/crminfo.cz\/en\/wp-json\/wp\/v2\/pages"}],"about":[{"href":"https:\/\/crminfo.cz\/en\/wp-json\/wp\/v2\/types\/page"}],"author":[{"embeddable":true,"href":"https:\/\/crminfo.cz\/en\/wp-json\/wp\/v2\/users\/1"}],"replies":[{"embeddable":true,"href":"https:\/\/crminfo.cz\/en\/wp-json\/wp\/v2\/comments?post=789"}],"version-history":[{"count":0,"href":"https:\/\/crminfo.cz\/en\/wp-json\/wp\/v2\/pages\/789\/revisions"}],"wp:attachment":[{"href":"https:\/\/crminfo.cz\/en\/wp-json\/wp\/v2\/media?parent=789"}],"curies":[{"name":"wp","href":"https:\/\/api.w.org\/{rel}","templated":true}]}}